{"id":827,"date":"2023-04-29T14:24:54","date_gmt":"2023-04-29T19:24:54","guid":{"rendered":"https:\/\/firsttexasfunding.com\/politica-de-privacidad-del-consumidor-de-ee-uu\/"},"modified":"2023-08-25T11:17:45","modified_gmt":"2023-08-25T16:17:45","slug":"politica-de-privacidad-del-consumidor-de-ee-uu","status":"publish","type":"page","link":"https:\/\/firsttexasfunding.com\/es\/politica-de-privacidad-del-consumidor-de-ee-uu\/","title":{"rendered":"Pol\u00edtica de privacidad del consumidor de EE. UU."},"content":{"rendered":"<p>[et_pb_section fb_built=\u00bb1&#8243; _builder_version=\u00bb4.16&#8243; global_colors_info=\u00bb{}\u00bb][et_pb_row _builder_version=\u00bb4.16&#8243; background_size=\u00bbinitial\u00bb background_position=\u00bbtop_left\u00bb background_repeat=\u00bbrepeat\u00bb global_colors_info=\u00bb{}\u00bb][et_pb_column type=\u00bb4_4&#8243; _builder_version=\u00bb4.16&#8243; custom_padding=\u00bb|||\u00bb global_colors_info=\u00bb{}\u00bb custom_padding__hover=\u00bb|||\u00bb][et_pb_text _builder_version=\u00bb4.21.0&#8243; background_size=\u00bbinitial\u00bb background_position=\u00bbtop_left\u00bb background_repeat=\u00bbrepeat\u00bb hover_enabled=\u00bb0&#8243; global_colors_info=\u00bb{}\u00bb sticky_enabled=\u00bb0&#8243;]<\/p>\n<div class=\"wp\">\n<p><main class=\"pt-4 pb-5\"><strong style=\"font-size: 14px;\">First Texas Funding LLC US Privacy Policy<\/strong><\/main><\/p>\n<div id=\"consumer-privacy-policy\" class=\"container\">\n<div class=\"row col-12 date\">\n<p class=\"fst-italic font-weight-bold small\" id=\"revision-date\" style=\"text-align: right;\">Rev. 1 de mayo de 2023<\/p>\n<\/div>\n<div class=\"row\">\n<div id=\"privacy-table-notice\" class=\"col-12 col-xl-9\">\n<table border=\"1\" cellspacing=\"0\" cellpadding=\"0\">\n<tbody>\n<tr>\n<td class=\"font-size-lg font-weight-bold color-white dark-grey-bg pt-1 pb-1\" style=\"width: 91.5px;\"><strong>HECHOS<\/strong><\/td>\n<td class=\"font-weight-bold\" colspan=\"5\" valign=\"top\" style=\"width: 209.875px;\">\u00bfQU\u00c9 HACE FIRST TEXAS FUNDING LLC CON SU INFORMACI\u00d3N PERSONAL?<\/td>\n<\/tr>\n<tr>\n<td class=\"p-1\" style=\"width: 91.5px;\"><\/td>\n<td class=\"p-1\" colspan=\"5\" style=\"width: 209.875px;\"><\/td>\n<\/tr>\n<tr>\n<td class=\"font-size-md font-weight-bold color-white dark-grey-bg\" valign=\"top\" style=\"width: 91.5px;\"><strong>\u00bfPor qu\u00e9?<\/strong><\/td>\n<td colspan=\"5\" valign=\"top\" style=\"width: 209.875px;\">Las empresas financieras eligen c\u00f3mo comparten su informaci\u00f3n personal. La ley federal otorga a los consumidores el derecho de limitar parte del intercambio, pero no todo. La ley federal tambi\u00e9n nos exige que le digamos c\u00f3mo recopilamos, compartimos y protegemos su informaci\u00f3n personal. Lea atentamente este aviso para comprender lo que hacemos.<\/td>\n<\/tr>\n<tr>\n<td class=\"p-1\" style=\"width: 91.5px;\"><\/td>\n<td class=\"p-1\" colspan=\"5\" style=\"width: 209.875px;\"><\/td>\n<\/tr>\n<tr>\n<td class=\"font-size-md font-weight-bold color-white dark-grey-bg\" valign=\"top\" style=\"width: 91.5px;\"><strong>\u00bfC\u00f3mo?<\/strong><\/td>\n<td colspan=\"5\" valign=\"top\" style=\"width: 209.875px;\">\n<p>Los tipos de informaci\u00f3n personal que recopilamos y compartimos dependen del producto o servicio que tenga con nosotros. Esta informaci\u00f3n puede incluir:<\/p>\n<ul>\n<li>N\u00famero de Seguro Social u otros n\u00fameros de identificaci\u00f3n emitidos por el gobierno;<\/li>\n<li>Informaci\u00f3n sobre ingresos y empleo;<\/li>\n<li>Saldos de cuentas e historial de transacciones;<\/li>\n<li>Historial de pagos e historial crediticio;<\/li>\n<li>Otra informaci\u00f3n disponible p\u00fablicamente<\/li>\n<\/ul>\n<\/td>\n<\/tr>\n<tr>\n<td class=\"p-1\" style=\"width: 91.5px;\"><\/td>\n<td class=\"p-1\" colspan=\"5\" style=\"width: 209.875px;\"><\/td>\n<\/tr>\n<tr>\n<td class=\"font-size-md font-weight-bold color-white dark-grey-bg\" valign=\"top\" style=\"width: 91.5px;\"><strong>\u00bfC\u00f3mo?<\/strong><\/td>\n<td colspan=\"5\" valign=\"top\" style=\"width: 209.875px;\">Todas las empresas financieras necesitan compartir la informaci\u00f3n personal de los clientes para realizar sus negocios diarios. En la siguiente secci\u00f3n, enumeramos las razones por las que las empresas financieras pueden compartir la informaci\u00f3n personal de sus clientes; las razones por las que First Texas Funding LLC elige compartir; y si puede limitar este intercambio.<\/td>\n<\/tr>\n<tr>\n<td class=\"p-1\" style=\"width: 91.5px;\"><\/td>\n<td class=\"p-1\" colspan=\"5\" style=\"width: 209.875px;\"><\/td>\n<\/tr>\n<tr class=\"font-weight-bold color-white\" align=\"center\">\n<td class=\"text-left dark-grey-bg pt-0 pb-0\" colspan=\"4\" style=\"width: 125.375px;\">Razones por las que podemos compartir su informaci\u00f3n personal<\/td>\n<td class=\"dark-grey-bg pt-0 pb-0\" style=\"width: 94px;\">\u00bfParticipa First Texas Funding LLC?<\/td>\n<td class=\"dark-grey-bg pt-0 pb-0\" style=\"width: 80px;\">\u00bfPuede usted limitar este intercambio?<\/td>\n<\/tr>\n<tr>\n<td colspan=\"4\" valign=\"top\" style=\"width: 125.375px;\"><span class=\"font-weight-bold\">Para nuestros prop\u00f3sitos comerciales cotidianos:<\/span><br \/>tales como procesar sus transacciones, mantener su(s) cuenta(s); responder a \u00f3rdenes judiciales e investigaciones legales o informar a las agencias de cr\u00e9dito<\/td>\n<td align=\"center\" style=\"width: 94px;\">S\u00ed<\/td>\n<td align=\"center\" style=\"width: 80px;\">No<\/td>\n<\/tr>\n<tr>\n<td colspan=\"4\" valign=\"top\" style=\"width: 125.375px;\"><span class=\"font-weight-bold\">Para nuestros fines de marketing:<\/span><br \/>para ofrecerle nuestros productos y servicios<\/td>\n<td align=\"center\" style=\"width: 94px;\">S\u00ed<\/td>\n<td align=\"center\" style=\"width: 80px;\">No<\/td>\n<\/tr>\n<tr>\n<td class=\"font-weight-bold\" colspan=\"4\" valign=\"top\" style=\"width: 125.375px;\">Para marketing conjunto con otras empresas financieras.<\/td>\n<td align=\"center\" style=\"width: 94px;\">No<\/td>\n<td align=\"center\" style=\"width: 80px;\">Nosotros no compartimos<\/td>\n<\/tr>\n<tr>\n<td colspan=\"4\" valign=\"top\" style=\"width: 125.375px;\"><span class=\"font-weight-bold\">Para los fines comerciales cotidianos de nuestros afiliados:<\/span><br \/>como informaci\u00f3n sobre sus transacciones y experiencias<\/td>\n<td align=\"center\" style=\"width: 94px;\">S\u00ed<\/td>\n<td align=\"center\" style=\"width: 80px;\">No<\/td>\n<\/tr>\n<tr>\n<td colspan=\"4\" valign=\"top\" style=\"width: 125.375px;\"><span class=\"font-weight-bold\">Para los fines comerciales cotidianos de nuestros afiliados:<\/span><br \/>como informaci\u00f3n sobre su solvencia<\/td>\n<td align=\"center\" style=\"width: 94px;\">No<\/td>\n<td align=\"center\" style=\"width: 80px;\">S\u00ed<\/td>\n<\/tr>\n<tr>\n<td class=\"font-weight-bold\" colspan=\"4\" valign=\"top\" style=\"width: 125.375px;\">Para que los no afiliados te comercialicen<\/td>\n<td align=\"center\" style=\"width: 94px;\">No<\/td>\n<td align=\"center\" style=\"width: 80px;\">S\u00ed<\/td>\n<\/tr>\n<tr>\n<td class=\"p-1\" style=\"width: 91.5px;\"><\/td>\n<td class=\"p-1\" colspan=\"5\" style=\"width: 209.875px;\"><\/td>\n<\/tr>\n<tr>\n<td class=\"font-size-md font-weight-bold dark-grey-bg color-white\" style=\"width: 91.5px;\"><strong>\u00bfPreguntas?<\/strong><\/td>\n<td colspan=\"5\" valign=\"top\" style=\"width: 209.875px;\"><strong>Ll\u00e1manos al (956) 395-3700<\/strong><\/td>\n<\/tr>\n<tr class=\"font-weight-bold dark-grey-bg color-white\">\n<td class=\"pb-0\" colspan=\"6\" valign=\"top\" style=\"width: 303.375px;\"><strong>Quienes somos<\/strong><\/td>\n<\/tr>\n<tr>\n<td class=\"font-weight-bold\" colspan=\"3\" valign=\"top\" style=\"width: 95.4531px;\">\u00bfQui\u00e9n proporciona este aviso?<\/td>\n<td colspan=\"3\" valign=\"top\" style=\"width: 205.922px;\">Usted est\u00e1 recibiendo este aviso de First Texas Funding LLC.<\/td>\n<\/tr>\n<tr class=\"font-weight-bold dark-grey-bg color-white\">\n<td class=\"pb-0\" colspan=\"6\" valign=\"top\" style=\"width: 303.375px;\">que hacemos<\/td>\n<\/tr>\n<tr>\n<td class=\"font-weight-bold\" colspan=\"2\" valign=\"top\" style=\"width: 95.4531px;\">\u00bfC\u00f3mo protege First Texas Funding LLC mi informaci\u00f3n personal?<\/td>\n<td colspan=\"4\" valign=\"top\" style=\"width: 205.922px;\">Para proteger su informaci\u00f3n personal del acceso y uso no autorizados, utilizamos medidas de seguridad que cumplen con la ley federal. Estas medidas incluyen salvaguardias inform\u00e1ticas y archivos y edificios seguros.<\/td>\n<\/tr>\n<tr>\n<td class=\"font-weight-bold\" colspan=\"2\" valign=\"top\" style=\"width: 95.4531px;\">\u00bfC\u00f3mo recopila First Texas Funding LLC mi informaci\u00f3n personal?<\/td>\n<td colspan=\"4\" valign=\"top\" style=\"width: 205.922px;\">\n<p>Recopilamos su informaci\u00f3n personal, por ejemplo, cuando usted<\/p>\n<ul>\n<li>Proporcionar informaci\u00f3n de la cuenta o darnos su informaci\u00f3n de contacto;<\/li>\n<li>Paga tus cuentas;<\/li>\n<li>Utilice su tarjeta de d\u00e9bito;<\/li>\n<li>Danos tu informaci\u00f3n de ingresos;<\/li>\n<li>Proporcionar informaci\u00f3n de empleo<\/li>\n<\/ul>\n<p>Tambi\u00e9n recopilamos su informaci\u00f3n personal de otros, como agencias de cr\u00e9dito, propietarios anteriores de su cuenta, nuestras afiliadas o subsidiarias, agencias gubernamentales u otras empresas.<\/p>\n<\/td>\n<\/tr>\n<tr>\n<td class=\"font-weight-bold\" colspan=\"2\" valign=\"top\" style=\"width: 95.4531px;\">\u00bfPor qu\u00e9 no puedo limitar todo el uso compartido?<\/td>\n<td colspan=\"4\" valign=\"top\" style=\"width: 205.922px;\">\n<p>La ley federal le otorga el derecho de limitar \u00fanicamente<\/p>\n<ul>\n<li>compartir para los fines comerciales cotidianos de los afiliados: informaci\u00f3n sobre su solvencia<\/li>\n<li>afiliados utilicen su informaci\u00f3n para comercializarle<\/li>\n<li>Compartir para que los no afiliados te comercialicen<\/li>\n<\/ul>\n<p>Las leyes estatales y las empresas individuales pueden otorgarle derechos adicionales para limitar el intercambio. Consulte a continuaci\u00f3n para obtener m\u00e1s informaci\u00f3n sobre sus derechos seg\u00fan la ley estatal.<\/p>\n<\/td>\n<\/tr>\n<tr class=\"font-weight-bold dark-grey-bg color-white\">\n<td class=\"pb-0\" colspan=\"6\" valign=\"top\" style=\"width: 303.375px;\"><strong>Definiciones<\/strong><\/td>\n<\/tr>\n<tr>\n<td class=\"font-weight-bold\" colspan=\"3\" valign=\"top\" style=\"width: 95.4531px;\">Afiliados<\/td>\n<td colspan=\"3\" valign=\"top\" style=\"width: 205.922px;\">\n<p>Empresas relacionadas por propiedad o control com\u00fan. Ellos pueden ser compa\u00f1\u00edas financieras o no financieras.<\/p>\n<ul class=\"mb-0\">\n<li>Nuestras afiliadas incluyen empresas con el nombre de First Texas, como First Texas Group, Inc. y RGV Business Builders LLC.<\/li>\n<\/ul>\n<\/td>\n<\/tr>\n<tr>\n<td class=\"font-weight-bold\" colspan=\"3\" valign=\"top\" style=\"width: 95.4531px;\">No afiliados<\/td>\n<td colspan=\"3\" valign=\"top\" style=\"width: 205.922px;\">\n<p>Empresas no relacionadas por propiedad o control com\u00fan. Ellos pueden ser compa\u00f1\u00edas financieras o no financieras.<\/p>\n<ul class=\"mb-0\">\n<li>First Texas Funding LLC no comparte con no afiliados para que puedan comercializarle<\/li>\n<\/ul>\n<\/td>\n<\/tr>\n<tr>\n<td class=\"font-weight-bold\" colspan=\"3\" valign=\"top\" style=\"width: 95.4531px;\">Comercializaci\u00f3n conjunta<\/td>\n<td colspan=\"3\" valign=\"top\" style=\"width: 205.922px;\">\n<p>Un acuerdo formal entre compa\u00f1\u00edas financieras no afiliadas que juntas le comercializan productos o servicios financieros.<\/p>\n<ul class=\"mb-0\">\n<li>First Texas Funding LLC comercializa conjuntamente con RGV Business Builders LLC<\/li>\n<\/ul>\n<\/td>\n<\/tr>\n<tr>\n<td class=\"p-1\" colspan=\"3\" style=\"width: 95.4531px;\"><\/td>\n<td class=\"p-1\" colspan=\"3\" style=\"width: 205.922px;\"><\/td>\n<\/tr>\n<tr class=\"font-weight-bold dark-grey-bg color-white\">\n<td class=\"pb-0\" colspan=\"6\" valign=\"top\" style=\"width: 303.375px;\"><strong>Otra informaci\u00f3n importante<\/strong><\/td>\n<\/tr>\n<tr>\n<td class=\"pt-0 pb-0\" colspan=\"6\" valign=\"top\" style=\"width: 303.375px;\">\n<p><strong><span class=\"font-weight-bold\">Residentes de California:<\/span><\/strong> de acuerdo con la Ley de Privacidad de la Informaci\u00f3n Financiera de California, no compartiremos la informaci\u00f3n que recopilamos sobre los residentes de California con no afiliados, excepto seg\u00fan lo permita la ley, como con el consentimiento del cliente o para atender las cuentas del cliente. Tambi\u00e9n limitaremos el intercambio de informaci\u00f3n sobre usted con nuestros afiliados en la medida requerida por la ley aplicable de California.<\/p>\n<p class=\"mb-0\"><strong><span class=\"font-weight-bold\">Residentes de Vermont<\/span><\/strong><span> <\/span>&#8211; De acuerdo con la ley de Vermont, no compartiremos la informaci\u00f3n que recopilamos sobre los residentes de Vermont con no afiliados, excepto seg\u00fan lo permita la ley, como por ejemplo con el consentimiento del cliente o para dar servicio a las cuentas del cliente. No compartiremos informaci\u00f3n crediticia sobre los residentes de Vermont entre las afiliadas de First Texas Funding LLC excepto con la autorizaci\u00f3n o consentimiento del residente de Vermont.<\/p>\n<\/td>\n<\/tr>\n<\/tbody>\n<\/table>\n<\/div>\n<\/div>\n<\/div>\n<\/div>\n<p><!-- \/divi:paragraph --><\/p>\n<p>[\/et_pb_text][\/et_pb_column][\/et_pb_row][\/et_pb_section]<\/p>\n","protected":false},"excerpt":{"rendered":"<p>First Texas Funding LLC US Privacy Policy Rev. 1 de mayo de 2023 HECHOS \u00bfQU\u00c9 HACE FIRST TEXAS FUNDING LLC CON SU INFORMACI\u00d3N PERSONAL? \u00bfPor qu\u00e9? Las empresas financieras eligen c\u00f3mo comparten su informaci\u00f3n personal. La ley federal otorga a los consumidores el derecho de limitar parte del intercambio, pero no todo. La ley federal [&hellip;]<\/p>\n","protected":false},"author":1,"featured_media":0,"parent":0,"menu_order":0,"comment_status":"closed","ping_status":"closed","template":"","meta":{"_et_pb_use_builder":"on","_et_pb_old_content":"","_et_gb_content_width":"","footnotes":""},"class_list":["post-827","page","type-page","status-publish","hentry"],"_links":{"self":[{"href":"https:\/\/firsttexasfunding.com\/es\/wp-json\/wp\/v2\/pages\/827","targetHints":{"allow":["GET"]}}],"collection":[{"href":"https:\/\/firsttexasfunding.com\/es\/wp-json\/wp\/v2\/pages"}],"about":[{"href":"https:\/\/firsttexasfunding.com\/es\/wp-json\/wp\/v2\/types\/page"}],"author":[{"embeddable":true,"href":"https:\/\/firsttexasfunding.com\/es\/wp-json\/wp\/v2\/users\/1"}],"replies":[{"embeddable":true,"href":"https:\/\/firsttexasfunding.com\/es\/wp-json\/wp\/v2\/comments?post=827"}],"version-history":[{"count":2,"href":"https:\/\/firsttexasfunding.com\/es\/wp-json\/wp\/v2\/pages\/827\/revisions"}],"predecessor-version":[{"id":829,"href":"https:\/\/firsttexasfunding.com\/es\/wp-json\/wp\/v2\/pages\/827\/revisions\/829"}],"wp:attachment":[{"href":"https:\/\/firsttexasfunding.com\/es\/wp-json\/wp\/v2\/media?parent=827"}],"curies":[{"name":"wp","href":"https:\/\/api.w.org\/{rel}","templated":true}]}}