{"id":650,"date":"2023-04-03T13:37:35","date_gmt":"2023-04-03T18:37:35","guid":{"rendered":"https:\/\/firsttexasfunding.com\/politica-de-privacidad\/"},"modified":"2023-05-03T11:58:38","modified_gmt":"2023-05-03T16:58:38","slug":"politica-de-privacidad","status":"publish","type":"page","link":"https:\/\/firsttexasfunding.com\/es\/politica-de-privacidad\/","title":{"rendered":"pol\u00edtica de privacidad"},"content":{"rendered":"<p>[et_pb_section fb_built=\u00bb1&#8243; _builder_version=\u00bb4.16&#8243; global_colors_info=\u00bb{}\u00bb][et_pb_row _builder_version=\u00bb4.16&#8243; background_size=\u00bbinitial\u00bb background_position=\u00bbtop_left\u00bb background_repeat=\u00bbrepeat\u00bb global_colors_info=\u00bb{}\u00bb][et_pb_column type=\u00bb4_4&#8243; _builder_version=\u00bb4.16&#8243; custom_padding=\u00bb|||\u00bb global_colors_info=\u00bb{}\u00bb custom_padding__hover=\u00bb|||\u00bb][et_pb_text _builder_version=\u00bb4.16&#8243; background_size=\u00bbinitial\u00bb background_position=\u00bbtop_left\u00bb background_repeat=\u00bbrepeat\u00bb global_colors_info=\u00bb{}\u00bb]<!-- divi:heading --><\/p>\n<p>&nbsp;<\/p>\n<p><span style=\"color: #333333; font-size: 26px;\">Pol\u00edtica de privacidad web de <span>First Texas Funding LLC<\/span><\/span><\/p>\n<div class=\"wp\">\n<p>Efectivo: 5\/1\/2023<\/p>\n<p><span style=\"font-size: 15px;\">Este sitio es propiedad y est\u00e1 controlado por First Texas Funding LLC. (\u00abFTF\u00bb o \u00abnosotros\u00bb, \u00abnuestro\u00bb o \u00abnosotros\u00bb). Esta Pol\u00edtica de privacidad web describe los tipos de informaci\u00f3n personal que recopilamos en <a href=\"http:\/\/www.firsttexas\">www.firsttexasfunding.com<\/a> (\u00abel sitio web\u00bb), c\u00f3mo podemos usar la informaci\u00f3n y los fines para los que podemos usarla, con qui\u00e9n podemos compartirla y el medidas que tomamos para salvaguardar su informaci\u00f3n.<\/span><\/p>\n<p><span style=\"font-size: 15px;\"><\/span><\/p>\n<\/div>\n<div class=\"wp\">\n<p>A menos que se indique lo contrario, esta Pol\u00edtica de privacidad web se aplica solo a la informaci\u00f3n recopilada a trav\u00e9s del sitio web. Lea esta Pol\u00edtica de privacidad web en su totalidad antes de utilizar el sitio web. Si usted es un consumidor de California, para obtener m\u00e1s informaci\u00f3n sobre sus derechos de privacidad, consulte la secci\u00f3n de esta <a href=\"https:\/\/plutusdb.com\/california-privacy-policy\/\">Pol\u00edtica de privacidad web denominada \u00abDeclaraci\u00f3n de privacidad del consumidor de California\u00bb.<\/a><\/p>\n<p><span style=\"font-size: 15px;\"> <\/span><\/p>\n<\/div>\n<div class=\"wp\">\n<h4><strong>Informaci\u00f3n que obtenemos<\/strong><\/h4>\n<\/div>\n<div class=\"wp\">\n<p>Podemos obtener informaci\u00f3n personal a trav\u00e9s del sitio web, incluida la informaci\u00f3n de contacto (como su nombre, direcci\u00f3n de correo electr\u00f3nico y n\u00famero de tel\u00e9fono) y otra informaci\u00f3n que nos env\u00ede.<\/p>\n<p>&nbsp;<\/p>\n<\/div>\n<div class=\"wp\">\n<p>Adem\u00e1s, mientras navega por el sitio web, podemos obtener cierta informaci\u00f3n utilizando varias tecnolog\u00edas automatizadas, como las cookies. Una \u00abcookie\u00bb es un peque\u00f1o fragmento de datos (un archivo de texto) que un sitio web, cuando lo visita un usuario, le pide a su navegador que almacene en su dispositivo para recordar informaci\u00f3n sobre usted.<\/p>\n<p>&nbsp;<\/p>\n<\/div>\n<div class=\"wp\">\n<p>El sitio web puede usar cookies o tecnolog\u00edas automatizadas similares para recopilar informaci\u00f3n sobre su equipo, acciones de navegaci\u00f3n y patrones de uso. La informaci\u00f3n que obtenemos de esta manera puede incluir su direcci\u00f3n IP, identificadores asociados con su dispositivo, caracter\u00edsticas del navegador web, caracter\u00edsticas del dispositivo, preferencias de idioma, p\u00e1ginas de referencia\/salida, fechas y horas de visitas al sitio web y datos de flujo de clics. El sitio web no est\u00e1 dise\u00f1ado para responder a las se\u00f1ales de \u00abno rastrear\u00bb recibidas de los navegadores. Su navegador puede indicarle c\u00f3mo ser notificado cuando recibe ciertos tipos de cookies o c\u00f3mo restringir o deshabilitar ciertos tipos de cookies. Tenga en cuenta, sin embargo, que ciertas caracter\u00edsticas del sitio web pueden no funcionar sin el uso de tecnolog\u00edas de recopilaci\u00f3n de informaci\u00f3n automatizada.<\/p>\n<p>&nbsp;<\/p>\n<\/div>\n<div class=\"wp\">\n<h4><strong>Uso y divulgaci\u00f3n de informaci\u00f3n<\/strong><\/h4>\n<\/div>\n<div class=\"wp\">\n<p>Podemos utilizar la informaci\u00f3n que obtenemos sobre usted para:<\/p>\n<\/div>\n<div class=\"wp\">\n<div class=\"wp\">\n<ul>\n<li>Proporcionarle el sitio web y otros servicios.<\/li>\n<li>Comunicarse contigo.<\/li>\n<li>Operar, evaluar, desarrollar, administrar y mejorar el sitio web y nuestro negocio (lo que incluye operar, administrar, analizar y mejorar nuestros servicios; desarrollar nuevos servicios; administrar y evaluar la efectividad de nuestras comunicaciones; administrar nuestras relaciones profesionales con proveedores y otros socios; y llevar a cabo la contabilidad y otras funciones internas).<\/li>\n<li>Realizar an\u00e1lisis (incluyendo estudios de mercado y an\u00e1lisis de tendencias).<\/li>\n<li>Aumentar y mantener la seguridad de nuestros servicios y evitar el uso indebido.<\/li>\n<li>Proteja, identifique y prevenga el fraude y otras actividades delictivas, reclamos y otras responsabilidades.<\/li>\n<li>Cumplir y hacer cumplir los requisitos legales aplicables, los est\u00e1ndares y las pol\u00edticas relevantes de la industria, incluida esta Pol\u00edtica de privacidad web y nuestros T\u00e9rminos y condiciones.<\/li>\n<\/ul>\n<\/div>\n<div class=\"wp\"><span style=\"font-size: 15px;\">Tambi\u00e9n podemos utilizar la informaci\u00f3n que obtenemos sobre usted para otros fines divulgados en el momento en que se recopila su informaci\u00f3n.<\/span><\/div>\n<div class=\"wp\"><span style=\"font-size: 15px;\"><\/span><\/div>\n<div class=\"wp\"><span style=\"font-size: 15px;\"><\/span><\/div>\n<div class=\"wp\"><span style=\"font-size: 15px;\"><\/span><\/div>\n<div class=\"wp\"><span style=\"font-size: 15px;\"><\/span><\/div>\n<div class=\"wp\"><span style=\"font-size: 15px;\"><\/span><\/div>\n<div class=\"wp\"><span style=\"font-size: 15px;\"><\/span><\/div>\n<div class=\"wp\"><strong style=\"color: #333333; font-size: 18px;\"><\/strong><\/div>\n<div class=\"wp\"><strong style=\"color: #333333; font-size: 18px;\"><\/strong><\/div>\n<div class=\"wp\"><strong style=\"color: #333333; font-size: 18px;\"><\/strong><\/div>\n<div class=\"wp\"><strong style=\"color: #333333; font-size: 18px;\"><\/strong><\/div>\n<div class=\"wp\"><strong style=\"color: #333333; font-size: 18px;\">Informaci\u00f3n que compartimos<\/strong><br \/><span style=\"font-size: 15px;\"><\/span><\/div>\n<\/div>\n<div class=\"wp\">\n<p>Podemos compartir la informaci\u00f3n que obtenemos sobre usted con proveedores externos para realizar ciertos servicios en nuestro nombre, como ayudarnos con el alojamiento y las operaciones del sitio web, el an\u00e1lisis de datos y otros servicios dise\u00f1ados para ayudarnos con nuestro negocio. Tambi\u00e9n podemos compartir su informaci\u00f3n con nuestras afiliadas y subsidiarias para los fines descritos en esta Pol\u00edtica de privacidad web.<\/p>\n<p>&nbsp;<\/p>\n<\/div>\n<div class=\"wp\">\n<p>Adem\u00e1s, podemos divulgar informaci\u00f3n sobre usted: (i) si estamos obligados a hacerlo por ley o proceso legal (como una orden judicial o citaci\u00f3n); (ii) en respuesta a solicitudes de agencias gubernamentales, como las autoridades encargadas de hacer cumplir la ley; (iii) para establecer, ejercer o defender nuestros derechos legales; (iv) para proteger, defender o hacer cumplir nuestras pol\u00edticas, t\u00e9rminos o acuerdos; (v) cuando creemos que la divulgaci\u00f3n es necesaria o apropiada para abordar la seguridad o para prevenir da\u00f1os f\u00edsicos o de otro tipo o p\u00e9rdidas financieras; (vi) en relaci\u00f3n con una investigaci\u00f3n de actividad ilegal sospechada o real; o (vii) de otra manera con su consentimiento.<\/p>\n<\/div>\n<div class=\"wp\">\n<p>Adem\u00e1s, tambi\u00e9n nos reservamos el derecho de transferir la informaci\u00f3n que tenemos sobre usted en caso de que vendamos o transfiramos la totalidad o una parte de nuestro negocio o activos (como en el caso de una fusi\u00f3n, adquisici\u00f3n, empresa conjunta, consolidaci\u00f3n, reestructuraci\u00f3n, desinversi\u00f3n, disoluci\u00f3n, liquidaci\u00f3n u otro cambio corporativo), incluso durante el curso de cualquier proceso de diligencia debida.<\/p>\n<p>&nbsp;<\/p>\n<\/div>\n<div class=\"wp\">\n<h4><strong>An\u00e1lisis de terceros<\/strong><\/h4>\n<\/div>\n<div class=\"wp\">\n<p>Podemos utilizar servicios de an\u00e1lisis de terceros en el sitio web, como Google Analytics. Los proveedores de an\u00e1lisis que administran estos servicios utilizan tecnolog\u00edas automatizadas como cookies para ayudarnos a analizar su uso del sitio web. La informaci\u00f3n recopilada a trav\u00e9s de estos medios (incluida la direcci\u00f3n IP) puede divulgarse a estos proveedores de an\u00e1lisis que utilizan la informaci\u00f3n, por ejemplo, para evaluar el uso del sitio web. Para obtener m\u00e1s informaci\u00f3n sobre Google Analytics y c\u00f3mo darse de baja, visite <a href=\"https:\/\/tools.google.com\/dlpage\/gaoptout\">https:\/\/tools.google.com\/dlpage\/gaoptout<\/a>.<\/p>\n<\/div>\n<div class=\"wp\">\n<h4><\/h4>\n<h4><strong>Seguridad<\/strong><\/h4>\n<\/div>\n<div class=\"wp\">\n<p>Mantenemos medidas de seguridad administrativas, t\u00e9cnicas y f\u00edsicas dise\u00f1adas para proteger la informaci\u00f3n personal que usted proporciona contra la destrucci\u00f3n, p\u00e9rdida, alteraci\u00f3n, acceso, divulgaci\u00f3n o uso accidental, ilegal o no autorizado.<\/p>\n<p>&nbsp;<\/p>\n<\/div>\n<div class=\"wp\">\n<h4><strong>Privacidad de los ni\u00f1os<\/strong><\/h4>\n<\/div>\n<div class=\"wp\">\n<p>Reconocemos la importancia de proteger la privacidad en l\u00ednea de los ni\u00f1os. El sitio web est\u00e1 destinado a una audiencia general y no est\u00e1 dirigido a ni\u00f1os. No recopilamos a sabiendas informaci\u00f3n personal en l\u00ednea de ni\u00f1os menores de 13 a\u00f1os.<\/p>\n<p>&nbsp;<\/p>\n<\/div>\n<div class=\"wp\">\n<h4><strong>Otros servicios en l\u00ednea<\/strong><\/h4>\n<\/div>\n<div class=\"wp\">\n<p>Para su conveniencia e informaci\u00f3n, el sitio web puede contener contenido, enlaces o referencias a otros sitios web, aplicaciones o servicios de terceros. Tenga en cuenta que esta Pol\u00edtica de privacidad web no se aplica a esos sitios web. Estas empresas pueden tener sus propias pol\u00edticas de privacidad, que le animamos a revisar. Adem\u00e1s, cuando est\u00e1 en el sitio web, puede ser dirigido a otros sitios y aplicaciones que son operados y controlados por terceros que no controlamos. No somos responsables de la recopilaci\u00f3n de datos y las pr\u00e1cticas de privacidad empleadas por ning\u00fan sitio web, aplicaci\u00f3n o servicio que no sea de FTF.<\/p>\n<p>&nbsp;<\/p>\n<\/div>\n<div class=\"wp\">\n<h4><strong>Cambios a esta Pol\u00edtica de Privacidad Web<\/strong><\/h4>\n<\/div>\n<div class=\"wp\">\n<p>Esta Pol\u00edtica de privacidad web puede actualizarse peri\u00f3dicamente y sin previo aviso para reflejar los cambios en nuestras pr\u00e1cticas de informaci\u00f3n personal. Publicaremos un aviso en nuestro sitio web para notificarle sobre cambios significativos en nuestra Pol\u00edtica de privacidad web e indicaremos en la parte superior del aviso cu\u00e1ndo se actualiz\u00f3 por \u00faltima vez.<\/p>\n<p>&nbsp;<\/p>\n<\/div>\n<div class=\"wp\">\n<h4 id=\"howtocontactus\"><strong>Como contactar con nosotros<\/strong><\/h4>\n<\/div>\n<div class=\"wp\">\n<p>Si tiene alguna pregunta, comentario o inquietud sobre esta Pol\u00edtica de privacidad web, comun\u00edquese con nosotros a cs@firsttexasfunding.com.<\/p>\n<\/div>\n<p>&nbsp;<\/p>\n<p>&nbsp;<\/p>\n<p>&nbsp;<\/p>\n<p>&nbsp;<\/p>\n<p>&nbsp;<\/p>\n<p>&nbsp;<\/p>\n<p>&nbsp;<\/p>\n<p><!-- \/divi:paragraph -->[\/et_pb_text][\/et_pb_column][\/et_pb_row][\/et_pb_section]<\/p>\n","protected":false},"excerpt":{"rendered":"<p>&nbsp; Pol\u00edtica de privacidad web de First Texas Funding LLC Efectivo: 5\/1\/2023 Este sitio es propiedad y est\u00e1 controlado por First Texas Funding LLC. (\u00abFTF\u00bb o \u00abnosotros\u00bb, \u00abnuestro\u00bb o \u00abnosotros\u00bb). Esta Pol\u00edtica de privacidad web describe los tipos de informaci\u00f3n personal que recopilamos en www.firsttexasfunding.com (\u00abel sitio web\u00bb), c\u00f3mo podemos usar la informaci\u00f3n y los [&hellip;]<\/p>\n","protected":false},"author":1,"featured_media":0,"parent":0,"menu_order":0,"comment_status":"closed","ping_status":"open","template":"","meta":{"_et_pb_use_builder":"on","_et_pb_old_content":"","_et_gb_content_width":"","footnotes":""},"class_list":["post-650","page","type-page","status-publish","hentry"],"_links":{"self":[{"href":"https:\/\/firsttexasfunding.com\/es\/wp-json\/wp\/v2\/pages\/650","targetHints":{"allow":["GET"]}}],"collection":[{"href":"https:\/\/firsttexasfunding.com\/es\/wp-json\/wp\/v2\/pages"}],"about":[{"href":"https:\/\/firsttexasfunding.com\/es\/wp-json\/wp\/v2\/types\/page"}],"author":[{"embeddable":true,"href":"https:\/\/firsttexasfunding.com\/es\/wp-json\/wp\/v2\/users\/1"}],"replies":[{"embeddable":true,"href":"https:\/\/firsttexasfunding.com\/es\/wp-json\/wp\/v2\/comments?post=650"}],"version-history":[{"count":4,"href":"https:\/\/firsttexasfunding.com\/es\/wp-json\/wp\/v2\/pages\/650\/revisions"}],"predecessor-version":[{"id":774,"href":"https:\/\/firsttexasfunding.com\/es\/wp-json\/wp\/v2\/pages\/650\/revisions\/774"}],"wp:attachment":[{"href":"https:\/\/firsttexasfunding.com\/es\/wp-json\/wp\/v2\/media?parent=650"}],"curies":[{"name":"wp","href":"https:\/\/api.w.org\/{rel}","templated":true}]}}