{"id":619,"date":"2023-04-29T15:06:27","date_gmt":"2023-04-29T20:06:27","guid":{"rendered":"https:\/\/firsttexasfunding.com\/divulgacion-de-afiliados-corredores-de-prestamos\/"},"modified":"2023-05-12T10:05:36","modified_gmt":"2023-05-12T15:05:36","slug":"divulgacion-de-afiliados-corredores-de-prestamos","status":"publish","type":"page","link":"https:\/\/firsttexasfunding.com\/es\/divulgacion-de-afiliados-corredores-de-prestamos\/","title":{"rendered":"Divulgaci\u00f3n de afiliados\/corredores de pr\u00e9stamos"},"content":{"rendered":"<p>[et_pb_section fb_built=\u00bb1&#8243; _builder_version=\u00bb4.16&#8243; global_colors_info=\u00bb{}\u00bb][et_pb_row _builder_version=\u00bb4.16&#8243; background_size=\u00bbinitial\u00bb background_position=\u00bbtop_left\u00bb background_repeat=\u00bbrepeat\u00bb global_colors_info=\u00bb{}\u00bb][et_pb_column type=\u00bb4_4&#8243; _builder_version=\u00bb4.16&#8243; custom_padding=\u00bb|||\u00bb global_colors_info=\u00bb{}\u00bb custom_padding__hover=\u00bb|||\u00bb][et_pb_text _builder_version=\u00bb4.21.0&#8243; background_size=\u00bbinitial\u00bb background_position=\u00bbtop_left\u00bb background_repeat=\u00bbrepeat\u00bb hover_enabled=\u00bb0&#8243; global_colors_info=\u00bb{}\u00bb sticky_enabled=\u00bb0&#8243;]<\/p>\n<p><!-- divi:heading --><\/p>\n<h2>Divulgaci\u00f3n de afiliados<\/h2>\n<p>Nuestro objetivo siempre es proporcionar recomendaciones imparciales de productos y servicios. Algunos productos y servicios no nos compensan pero los recomendamos. Divulgaremos los servicios que se nos compensa por recomendar. Necesitamos pagar nuestros equipos y los costos del sitio web, por lo que ganamos dinero de varias maneras. A veces usamos enlaces de afiliados a productos y servicios en sitios de minoristas por los cuales podemos recibir una compensaci\u00f3n si hace clic en esos enlaces o realiza compras a trav\u00e9s de ellos. Cuando este es el caso, el contenido est\u00e1 claramente marcado como patrocinado o promocionado, por lo que siempre sabr\u00e1 qu\u00e9 contenido se nos compensa por nuestra recomendaci\u00f3n y cu\u00e1l no. First Texas Funding LLC es nuestra empresa matriz y tiene una p\u00e1gina detallada de t\u00e9rminos y condiciones con mucha m\u00e1s informaci\u00f3n que puede leer <a href=\"https:\/\/firsttexasfunding.com\/es\/terminos-de-servicio\/\">aqu\u00ed<\/a>. <\/p>\n<p>&nbsp;<\/p>\n<h2>Divulgaci\u00f3n del corredor<\/h2>\n<p><strong>NINGUNA DECLARACI\u00d3N O REPRESENTACI\u00d3N DE UN CORREDOR HIPOTECARIO ES V\u00c1LIDA O EXIGIBLE A MENOS QUE LA DECLARACI\u00d3N O REPRESENTACI\u00d3N SEA POR ESCRITO.<\/strong><br \/>Ha contratado al corredor hipotecario mencionado anteriormente para que lo asesore y lo ayude a obtener un pr\u00e9stamo hipotecario residencial garantizado por bienes inmuebles que posee o que est\u00e1 comprando seg\u00fan los t\u00e9rminos y condiciones que pueda solicitar en su solicitud de pr\u00e9stamo y\/o un prestamista puede requerir. Este Acuerdo de honorarios del corredor (\u00abAcuerdo\u00bb) describe algunos de los servicios que proporcionar\u00e1 el corredor hipotecario y la compensaci\u00f3n por dichos servicios.<br \/>1. NUESTROS SERVICIOS: Actuamos como contratista independiente y no como su agente o fiduciario. Al firmar a continuaci\u00f3n, nos solicita que organicemos un pr\u00e9stamo hipotecario de un prestamista hipotecario y acepta los honorarios del corredor que se enumeran a continuaci\u00f3n para nuestros servicios. Nuestros servicios pueden incluir, pero no est\u00e1n limitados a:<br \/>\u2022 Organizar un compromiso de pr\u00e9stamo hipotecario condicional entre usted y un prestamista hipotecario;<br \/>\u2022 Tomar una solicitud, recopilar informaci\u00f3n y preparar todos los tr\u00e1mites y la documentaci\u00f3n necesaria para un compromiso de pr\u00e9stamo hipotecario condicional; y<br \/>\u2022 Revisar, analizar y evaluar sus estados financieros, ingresos e historial crediticio.<br \/>Continuaremos brindando estos servicios hasta que se cierre su pr\u00e9stamo o finalice nuestros servicios por cualquier motivo, lo que ocurra primero.<br \/>Usted comprende que el corredor hipotecario trabaja sobre la base de su mejor esfuerzo y no puede otorgar pr\u00e9stamos hipotecarios ni emitir compromisos de pr\u00e9stamo en nombre del corredor. No podemos garantizar la aceptaci\u00f3n en ning\u00fan programa hipotecario en particular ni prometer condiciones espec\u00edficas de pr\u00e9stamo hipotecario.<\/p>\n<p>HONORARIOS DEL CORREDOR: nuestros honorarios del corredor ser\u00e1n pagados por usted directamente o por el prestamista hipotecario. La ley federal nos proh\u00edbe recibir los honorarios del corredor de usted y el prestamista hipotecario en la misma transacci\u00f3n. Si nuestros honorarios de intermediario son pagados por el prestamista hipotecario, su tasa de inter\u00e9s ser\u00e1 m\u00e1s alta que si paga nuestros honorarios de intermediario directamente. Sin embargo, el monto de los honorarios del corredor que recibimos del prestamista hipotecario no variar\u00e1 seg\u00fan la tasa de inter\u00e9s que reciba. Adem\u00e1s de nuestras tarifas de intermediario, en la estimaci\u00f3n de su pr\u00e9stamo se muestran estimaciones de otras tarifas que pagar\u00e1 en relaci\u00f3n con su pr\u00e9stamo.<\/p>\n<p><!-- \/divi:paragraph --><\/p>\n<p>[\/et_pb_text][\/et_pb_column][\/et_pb_row][\/et_pb_section]<\/p>\n","protected":false},"excerpt":{"rendered":"<p>Divulgaci\u00f3n de afiliados Nuestro objetivo siempre es proporcionar recomendaciones imparciales de productos y servicios. Algunos productos y servicios no nos compensan pero los recomendamos. Divulgaremos los servicios que se nos compensa por recomendar. Necesitamos pagar nuestros equipos y los costos del sitio web, por lo que ganamos dinero de varias maneras. A veces usamos enlaces [&hellip;]<\/p>\n","protected":false},"author":1,"featured_media":0,"parent":0,"menu_order":0,"comment_status":"closed","ping_status":"closed","template":"","meta":{"_et_pb_use_builder":"on","_et_pb_old_content":"","_et_gb_content_width":"","footnotes":""},"class_list":["post-619","page","type-page","status-publish","hentry"],"_links":{"self":[{"href":"https:\/\/firsttexasfunding.com\/es\/wp-json\/wp\/v2\/pages\/619","targetHints":{"allow":["GET"]}}],"collection":[{"href":"https:\/\/firsttexasfunding.com\/es\/wp-json\/wp\/v2\/pages"}],"about":[{"href":"https:\/\/firsttexasfunding.com\/es\/wp-json\/wp\/v2\/types\/page"}],"author":[{"embeddable":true,"href":"https:\/\/firsttexasfunding.com\/es\/wp-json\/wp\/v2\/users\/1"}],"replies":[{"embeddable":true,"href":"https:\/\/firsttexasfunding.com\/es\/wp-json\/wp\/v2\/comments?post=619"}],"version-history":[{"count":14,"href":"https:\/\/firsttexasfunding.com\/es\/wp-json\/wp\/v2\/pages\/619\/revisions"}],"predecessor-version":[{"id":788,"href":"https:\/\/firsttexasfunding.com\/es\/wp-json\/wp\/v2\/pages\/619\/revisions\/788"}],"wp:attachment":[{"href":"https:\/\/firsttexasfunding.com\/es\/wp-json\/wp\/v2\/media?parent=619"}],"curies":[{"name":"wp","href":"https:\/\/api.w.org\/{rel}","templated":true}]}}