{"id":529,"date":"2023-04-11T17:57:11","date_gmt":"2023-04-11T22:57:11","guid":{"rendered":"https:\/\/firsttexasfunding.com\/solicitud-de-financiamiento-comercial\/"},"modified":"2023-05-24T11:36:53","modified_gmt":"2023-05-24T16:36:53","slug":"solicitud-de-financiamiento-comercial","status":"publish","type":"page","link":"https:\/\/firsttexasfunding.com\/es\/solicitud-de-financiamiento-comercial\/","title":{"rendered":"Solicitud de Financiamiento Comercial"},"content":{"rendered":"<p>[et_pb_section fb_built=\u00bb1&#8243; admin_label=\u00bbSection\u00bb _builder_version=\u00bb4.20.4&#8243; _module_preset=\u00bbdefault\u00bb background_color=\u00bb#f7f7f7&#8243; global_colors_info=\u00bb{}\u00bb][et_pb_row column_structure=\u00bb1_4,1_4,1_4,1_4&#8243; _builder_version=\u00bb4.20.4&#8243; _module_preset=\u00bbdefault\u00bb custom_margin=\u00bb-50px||-50px||false|false\u00bb custom_padding=\u00bb||||false|false\u00bb global_colors_info=\u00bb{}\u00bb][et_pb_column type=\u00bb1_4&#8243; _builder_version=\u00bb4.20.4&#8243; _module_preset=\u00bbdefault\u00bb global_colors_info=\u00bb{}\u00bb][et_pb_text _builder_version=\u00bb4.20.4&#8243; _module_preset=\u00bbdefault\u00bb global_colors_info=\u00bb{}\u00bb]<\/p>\n<div class=\"elementor-column elementor-col-25 elementor-top-column elementor-element elementor-element-4ab3d561\" data-id=\"4ab3d561\" data-element_type=\"column\">\n<div class=\"elementor-column-wrap elementor-element-populated\">\n<div class=\"elementor-widget-wrap\">\n<div class=\"elementor-element elementor-element-512ab90 elementor-widget elementor-widget-heading\" data-id=\"512ab90\" data-element_type=\"widget\" data-widget_type=\"heading.default\">\n<div class=\"elementor-widget-container\">\n<h3 class=\"elementor-heading-title elementor-size-default\">Solicitud de Financiamiento Comercial Est\u00e1ndar<\/h3>\n<\/div>\n<\/div>\n<\/div>\n<\/div>\n<\/div>\n<div class=\"elementor-column elementor-col-25 elementor-top-column elementor-element elementor-element-d34ed97\" data-id=\"d34ed97\" data-element_type=\"column\">\n<div class=\"elementor-column-wrap elementor-element-populated\">\n<div class=\"elementor-widget-wrap\">\n<div class=\"elementor-element elementor-element-b1302b2 elementor-position-left elementor-vertical-align-middle elementor-view-default elementor-mobile-position-top elementor-widget elementor-widget-icon-box\" data-id=\"b1302b2\" data-element_type=\"widget\" data-widget_type=\"icon-box.default\">\n<div class=\"elementor-widget-container\">\n<div class=\"elementor-icon-box-wrapper\">\n<div class=\"elementor-icon-box-icon\"><\/div>\n<\/div>\n<\/div>\n<\/div>\n<\/div>\n<\/div>\n<\/div>\n<p>[\/et_pb_text][\/et_pb_column][et_pb_column type=\u00bb1_4&#8243; _builder_version=\u00bb4.20.4&#8243; _module_preset=\u00bbdefault\u00bb global_colors_info=\u00bb{}\u00bb][et_pb_blurb use_icon=\u00bbon\u00bb font_icon=\u00bb&#xf09d;||fa||900&#8243; content_max_width=\u00bb475px\u00bb _builder_version=\u00bb4.20.4&#8243; global_colors_info=\u00bb{}\u00bb]<\/p>\n<p><span>Solicitar no afectar\u00e1 su puntaje de cr\u00e9dito<\/span><\/p>\n<p>[\/et_pb_blurb][\/et_pb_column][et_pb_column type=\u00bb1_4&#8243; _builder_version=\u00bb4.20.4&#8243; _module_preset=\u00bbdefault\u00bb global_colors_info=\u00bb{}\u00bb][et_pb_blurb use_icon=\u00bbon\u00bb font_icon=\u00bb&#xf3ed;||fa||900&#8243; content_max_width=\u00bb450px\u00bb _builder_version=\u00bb4.20.4&#8243; global_colors_info=\u00bb{}\u00bb]<\/p>\n<p class=\"elementor-icon-box-title\"><span>Seguro y protegido<\/span><\/p>\n<p>[\/et_pb_blurb][\/et_pb_column][et_pb_column type=\u00bb1_4&#8243; _builder_version=\u00bb4.20.4&#8243; _module_preset=\u00bbdefault\u00bb global_colors_info=\u00bb{}\u00bb][et_pb_blurb use_icon=\u00bbon\u00bb font_icon=\u00bb&#xe06c;||divi||400&#8243; content_max_width=\u00bb675px\u00bb _builder_version=\u00bb4.21.0&#8243; custom_padding=\u00bb||0px|||\u00bb global_colors_info=\u00bb{}\u00bb]<\/p>\n<p class=\"elementor-icon-box-title\"><span>Mantenemos tu informaci\u00f3n segura con protocolos de seguridad.<\/span><\/p>\n<p>[\/et_pb_blurb][\/et_pb_column][\/et_pb_row][et_pb_row _builder_version=\u00bb4.20.4&#8243; _module_preset=\u00bbdefault\u00bb background_color=\u00bb#FFFFFF\u00bb positioning=\u00bbnone\u00bb custom_padding=\u00bb20px|20px|20px|20px|false|false\u00bb border_radii=\u00bbon|10px|10px|10px|10px\u00bb border_radii_tablet=\u00bbon|8px|8px|8px|8px\u00bb border_radii_phone=\u00bbon|8px|8px|8px|8px\u00bb border_radii_last_edited=\u00bbon|desktop\u00bb box_shadow_style=\u00bbpreset2&#8243; global_colors_info=\u00bb{}\u00bb border_radii__hover_enabled=\u00bbon|desktop\u00bb border_radii__hover=\u00bbon|8px|8px|8px|8px\u00bb][et_pb_column type=\u00bb4_4&#8243; _builder_version=\u00bb4.20.4&#8243; _module_preset=\u00bbdefault\u00bb global_colors_info=\u00bb{}\u00bb][et_pb_code _builder_version=\u00bb4.21.0&#8243; _module_preset=\u00bbdefault\u00bb custom_margin=\u00bb||||false|false\u00bb custom_padding=\u00bb||||false|false\u00bb hover_enabled=\u00bb0&#8243; global_colors_info=\u00bb{}\u00bb sticky_enabled=\u00bb0&#8243;]<\/p>\n<div id=\"mf_placeholder\" <!-- [et_pb_line_break_holder] -->     data-formurl=\u00bb\/\/mf.consumercreditattorney.com\/embed.php?id=145519&#8243; <!-- [et_pb_line_break_holder] -->     data-formheight=\u00bb3643&#8243;  <!-- [et_pb_line_break_holder] -->     data-formtitle=\u00bbESP | Business Funding Request\u00bb  <!-- [et_pb_line_break_holder] -->     data-paddingbottom=\u00bb10&#8243;><!-- [et_pb_line_break_holder] --><\/div>\n<p><!-- [et_pb_line_break_holder] --><script><!-- [et_pb_line_break_holder] -->\t(function(f,o,r,m){<!-- [et_pb_line_break_holder] -->\t\tr=f.createElement('script');r.async=1;r.src=o+'js\/mf.js';<!-- [et_pb_line_break_holder] -->\t\tm=f.getElementById('mf_placeholder'); m.parentNode.insertBefore(r, m);<!-- [et_pb_line_break_holder] -->\t})(document,'\/\/mf.consumercreditattorney.com\/');<!-- [et_pb_line_break_holder] --><\/script>[\/et_pb_code][\/et_pb_column][\/et_pb_row][et_pb_row column_structure=\u00bb1_4,3_4&#8243; _builder_version=\u00bb4.20.4&#8243; _module_preset=\u00bbdefault\u00bb global_colors_info=\u00bb{}\u00bb][et_pb_column type=\u00bb1_4&#8243; _builder_version=\u00bb4.20.4&#8243; _module_preset=\u00bbdefault\u00bb global_colors_info=\u00bb{}\u00bb][et_pb_text _builder_version=\u00bb4.20.4&#8243; _module_preset=\u00bbdefault\u00bb text_font_size=\u00bb24px\u00bb custom_padding=\u00bb||3px|||\u00bb global_colors_info=\u00bb{}\u00bb]<\/p>\n<p class=\"elementor-heading-title elementor-size-default\"><strong>DOCUMENTOS REQUERIDOS PARA UN PR\u00c9STAMO COMERCIAL EST\u00c1NDAR<\/strong><\/p>\n<p>[\/et_pb_text][\/et_pb_column][et_pb_column type=\u00bb3_4&#8243; _builder_version=\u00bb4.20.4&#8243; _module_preset=\u00bbdefault\u00bb global_colors_info=\u00bb{}\u00bb][et_pb_text _builder_version=\u00bb4.20.4&#8243; _module_preset=\u00bbdefault\u00bb text_font_size=\u00bb16px\u00bb global_colors_info=\u00bb{}\u00bb]<\/p>\n<p>Cuanto m\u00e1s f\u00e1cilmente disponible est\u00e9 su documentaci\u00f3n, m\u00e1s r\u00e1pido avanzar\u00e1 en el proceso.<\/p>\n<p>Para aplicar, deber\u00e1 enviar:<\/p>\n<ul>\n<li><strong>4-6 meses de sus<span> <\/span><span>extractos bancarios<\/span> comerciales m\u00e1s recientes<\/strong><\/li>\n<li><strong><span><span>Solicitud<\/span> firmada y completa.<\/span><\/strong><\/li>\n<\/ul>\n<p>Puede enviar sus documentos por correo electr\u00f3nico a: strong, <strong>[email]<\/strong> subir archivos PDF a la aplicaci\u00f3n anterior.<\/p>\n<p>La siguiente es una lista de verificaci\u00f3n de los documentos m\u00e1s com\u00fanmente recopilados.<\/p>\n<p>[\/et_pb_text][\/et_pb_column][\/et_pb_row][et_pb_row column_structure=\u00bb1_2,1_2&#8243; _builder_version=\u00bb4.20.4&#8243; _module_preset=\u00bbdefault\u00bb global_colors_info=\u00bb{}\u00bb][et_pb_column type=\u00bb1_2&#8243; _builder_version=\u00bb4.20.4&#8243; _module_preset=\u00bbdefault\u00bb global_colors_info=\u00bb{}\u00bb][et_pb_blurb title=\u00bbESTADOS DE CUENTA BANCARIOS\u00bb use_icon=\u00bbon\u00bb font_icon=\u00bb&#xf53d;||fa||900&#8243; _builder_version=\u00bb4.20.4&#8243; global_colors_info=\u00bb{}\u00bb]<\/p>\n<p><span>Se requieren de 4 a 6 meses de sus estados de cuenta bancarios comerciales m\u00e1s recientes para aplicar.<\/span><\/p>\n<p>[\/et_pb_blurb][et_pb_blurb title=\u00bb<br \/>\nFINANZAS Y DECLARACIONES DE IMPUESTOS\u00bb use_icon=\u00bbon\u00bb font_icon=\u00bb&#xf4c0;||fa||900&#8243; _builder_version=\u00bb4.20.4&#8243; global_colors_info=\u00bb{}\u00bb]<\/p>\n<p><span>En algunos casos, es posible que se requieran sus declaraciones de impuestos y estados financieros YTD m\u00e1s recientes (p\u00e9rdidas y ganancias y balance general).<\/span><\/p>\n<p>[\/et_pb_blurb][\/et_pb_column][et_pb_column type=\u00bb1_2&#8243; _builder_version=\u00bb4.20.4&#8243; _module_preset=\u00bbdefault\u00bb global_colors_info=\u00bb{}\u00bb][et_pb_blurb title=\u00bbLICENCIA DE CONDUCIR Y CHEQUE ANULADO\u00bb use_icon=\u00bbon\u00bb font_icon=\u00bb&#xf2c2;||fa||900&#8243; _builder_version=\u00bb4.20.4&#8243; global_colors_info=\u00bb{}\u00bb]<\/p>\n<p><span>Para garantizar que toda su informaci\u00f3n sea correcta en los contratos, requerimos una copia clara de su DL y VC para verificar esta informaci\u00f3n.<\/span><\/p>\n<p>[\/et_pb_blurb][et_pb_blurb title=\u00bbOTROS DOCUMENTOS\u00bb use_icon=\u00bbon\u00bb font_icon=\u00bb&#xf07c;||fa||900&#8243; _builder_version=\u00bb4.20.4&#8243; global_colors_info=\u00bb{}\u00bb]<\/p>\n<p><span style=\"font-weight: 400;\"><span>Documento de prueba de propiedad (formulario K1, anexo C o art\u00edculos de incorporaci\u00f3n.<\/span><\/span><\/p>\n<p>[\/et_pb_blurb][\/et_pb_column][\/et_pb_row][\/et_pb_section]<\/p>\n","protected":false},"excerpt":{"rendered":"<p>Solicitud de Financiamiento Comercial Est\u00e1ndar Solicitar no afectar\u00e1 su puntaje de cr\u00e9ditoSeguro y protegidoMantenemos tu informaci\u00f3n segura con protocolos de seguridad.DOCUMENTOS REQUERIDOS PARA UN PR\u00c9STAMO COMERCIAL EST\u00c1NDARCuanto m\u00e1s f\u00e1cilmente disponible est\u00e9 su documentaci\u00f3n, m\u00e1s r\u00e1pido avanzar\u00e1 en el proceso. Para aplicar, deber\u00e1 enviar: 4-6 meses de sus extractos bancarios comerciales m\u00e1s recientes Solicitud firmada y [&hellip;]<\/p>\n","protected":false},"author":2,"featured_media":0,"parent":0,"menu_order":0,"comment_status":"closed","ping_status":"closed","template":"","meta":{"_et_pb_use_builder":"on","_et_pb_old_content":"","_et_gb_content_width":"","footnotes":""},"class_list":["post-529","page","type-page","status-publish","hentry"],"_links":{"self":[{"href":"https:\/\/firsttexasfunding.com\/es\/wp-json\/wp\/v2\/pages\/529","targetHints":{"allow":["GET"]}}],"collection":[{"href":"https:\/\/firsttexasfunding.com\/es\/wp-json\/wp\/v2\/pages"}],"about":[{"href":"https:\/\/firsttexasfunding.com\/es\/wp-json\/wp\/v2\/types\/page"}],"author":[{"embeddable":true,"href":"https:\/\/firsttexasfunding.com\/es\/wp-json\/wp\/v2\/users\/2"}],"replies":[{"embeddable":true,"href":"https:\/\/firsttexasfunding.com\/es\/wp-json\/wp\/v2\/comments?post=529"}],"version-history":[{"count":7,"href":"https:\/\/firsttexasfunding.com\/es\/wp-json\/wp\/v2\/pages\/529\/revisions"}],"predecessor-version":[{"id":790,"href":"https:\/\/firsttexasfunding.com\/es\/wp-json\/wp\/v2\/pages\/529\/revisions\/790"}],"wp:attachment":[{"href":"https:\/\/firsttexasfunding.com\/es\/wp-json\/wp\/v2\/media?parent=529"}],"curies":[{"name":"wp","href":"https:\/\/api.w.org\/{rel}","templated":true}]}}