{"id":489,"date":"2023-04-12T15:37:10","date_gmt":"2023-04-12T20:37:10","guid":{"rendered":"https:\/\/firsttexasfunding.com\/financiamiento-de-inicio-de-negocios\/"},"modified":"2023-05-03T11:56:50","modified_gmt":"2023-05-03T16:56:50","slug":"financiamiento-de-inicio-de-negocios","status":"publish","type":"page","link":"https:\/\/firsttexasfunding.com\/es\/financiamiento-de-inicio-de-negocios\/","title":{"rendered":"Financiamiento de inicio de negocios"},"content":{"rendered":"<p>[et_pb_section fb_built=\u00bb1&#8243; disabled_on=\u00bboff|off|off\u00bb admin_label=\u00bbFeatured Project\u00bb _builder_version=\u00bb4.16&#8243; custom_padding=\u00bb110px||110px|\u00bb global_colors_info=\u00bb{}\u00bb][et_pb_row column_structure=\u00bb1_2,1_2&#8243; admin_label=\u00bbProyecto destacado\u00bb _builder_version=\u00bb4.16&#8243; global_colors_info=\u00bb{}\u00bb][et_pb_column type=\u00bb1_2&#8243; _builder_version=\u00bb4.16&#8243; custom_padding=\u00bb|||\u00bb global_colors_info=\u00bb{}\u00bb custom_padding__hover=\u00bb|||\u00bb][et_pb_text disabled_on=\u00bboff|off|off\u00bb admin_label=\u00bbTitle\u00bb _builder_version=\u00bb4.16&#8243; text_font=\u00bbMontserrat|||on|||||\u00bb text_font_size=\u00bb16px\u00bb text_line_height=\u00bb1.8em\u00bb header_font=\u00bb||||||||\u00bb header_2_font=\u00bbMontserrat|600||on|||||\u00bb header_2_font_size=\u00bb30px\u00bb header_2_line_height=\u00bb1.5em\u00bb custom_margin=\u00bb||5px|\u00bb animation_style=\u00bbslide\u00bb animation_direction=\u00bbtop\u00bb animation_intensity_slide=\u00bb20%\u00bb animation_starting_opacity=\u00bb100%\u00bb global_colors_info=\u00bb{}\u00bb]<\/p>\n<p>&nbsp;<\/p>\n<h2><strong>Financiamiento de inicio de negocios<\/strong><\/h2>\n<p>[\/et_pb_text][et_pb_divider show_divider=\u00bboff\u00bb _builder_version=\u00bb4.16&#8243; max_width=\u00bb23px\u00bb module_alignment=\u00bbleft\u00bb animation_style=\u00bbslide\u00bb animation_intensity_slide=\u00bb20%\u00bb animation_starting_opacity=\u00bb100%\u00bb locked=\u00bboff\u00bb global_colors_info=\u00bb{}\u00bb][\/et_pb_divider][et_pb_text _builder_version=\u00bb4.20.4&#8243; text_font=\u00bb||||||||\u00bb text_font_size=\u00bb16px\u00bb text_line_height=\u00bb1.8em\u00bb header_font=\u00bb||||||||\u00bb max_width=\u00bb90%\u00bb custom_margin=\u00bb|||\u00bb custom_padding=\u00bb||0px|||\u00bb animation_style=\u00bbflip\u00bb animation_direction=\u00bbleft\u00bb animation_intensity_flip=\u00bb30%\u00bb animation_starting_opacity=\u00bb100%\u00bb global_colors_info=\u00bb{}\u00bb]<\/p>\n<p><span>Ventajas de financiaci\u00f3n<\/span><\/p>\n<ul>\n<li style=\"font-weight: 400;\" aria-level=\"1\"><span style=\"font-weight: 400;\">T\u00e9rminos flexibles basados en el uso de los fondos<\/span><\/li>\n<li style=\"font-weight: 400;\" aria-level=\"1\"><span style=\"font-weight: 400;\">Puede ayudar a asegurar la supervivencia de su negocio<\/span><\/li>\n<li style=\"font-weight: 400;\" aria-level=\"1\"><span style=\"font-weight: 400;\">Puede ser capital, cuentas por cobrar o financiamiento basado en plazos.<\/span><\/li>\n<\/ul>\n<p>[\/et_pb_text][et_pb_button button_url=\u00bbhttps:\/\/firsttexasfunding.com\/es\/495-2\/\u00bb button_text=\u00bbObtenga dinero ahora\u00bb button_alignment=\u00bbcenter\u00bb _builder_version=\u00bb4.20.4&#8243; custom_button=\u00bbon\u00bb button_text_size=\u00bb16px\u00bb button_text_color=\u00bb#ffffff\u00bb button_bg_color=\u00bb#2d8bce\u00bb button_border_width=\u00bb0px\u00bb button_letter_spacing=\u00bb2px\u00bb button_font=\u00bbMontserrat|600||on|||||\u00bb custom_margin=\u00bb|||\u00bb custom_padding=\u00bb12px||12px|\u00bb animation_style=\u00bbfade\u00bb button_letter_spacing_hover=\u00bb2px\u00bb global_colors_info=\u00bb{}\u00bb button_text_size__hover_enabled=\u00bboff\u00bb button_one_text_size__hover_enabled=\u00bboff\u00bb button_two_text_size__hover_enabled=\u00bboff\u00bb button_text_color__hover_enabled=\u00bboff\u00bb button_one_text_color__hover_enabled=\u00bboff\u00bb button_two_text_color__hover_enabled=\u00bboff\u00bb button_border_width__hover_enabled=\u00bboff\u00bb button_one_border_width__hover_enabled=\u00bboff\u00bb button_two_border_width__hover_enabled=\u00bboff\u00bb button_border_color__hover_enabled=\u00bboff\u00bb button_one_border_color__hover_enabled=\u00bboff\u00bb button_two_border_color__hover_enabled=\u00bboff\u00bb button_border_radius__hover_enabled=\u00bboff\u00bb button_one_border_radius__hover_enabled=\u00bboff\u00bb button_two_border_radius__hover_enabled=\u00bboff\u00bb button_letter_spacing__hover_enabled=\u00bbon\u00bb button_letter_spacing__hover=\u00bb2px\u00bb button_one_letter_spacing__hover_enabled=\u00bboff\u00bb button_two_letter_spacing__hover_enabled=\u00bboff\u00bb button_bg_color__hover_enabled=\u00bboff\u00bb button_one_bg_color__hover_enabled=\u00bboff\u00bb button_two_bg_color__hover_enabled=\u00bboff\u00bb][\/et_pb_button][\/et_pb_column][et_pb_column type=\u00bb1_2&#8243; _builder_version=\u00bb4.16&#8243; custom_padding=\u00bb|||\u00bb global_colors_info=\u00bb{}\u00bb custom_padding__hover=\u00bb|||\u00bb][et_pb_image src=\u00bbhttps:\/\/firsttexasfunding.com\/wp-content\/uploads\/2023\/04\/apply_now.jpg\u00bb alt=\u00bbaplica ya\u00bb title_text=\u00bbaplica ya\u00bb align_tablet=\u00bbcenter\u00bb align_phone=\u00bbcenter\u00bb align_last_edited=\u00bbon|desktop\u00bb _builder_version=\u00bb4.21.0&#8243; global_colors_info=\u00bb{}\u00bb][\/et_pb_image][\/et_pb_column][\/et_pb_row][\/et_pb_section][et_pb_section fb_built=\u00bb1&#8243; admin_label=\u00bbQuote Section\u00bb _builder_version=\u00bb4.16&#8243; use_background_color_gradient=\u00bbon\u00bb background_color_gradient_direction=\u00bb105deg\u00bb background_color_gradient_stops=\u00bbrgba(43,135,218,0) 55%|#ffffff 55%\u00bb background_color_gradient_overlays_image=\u00bbon\u00bb background_color_gradient_start=\u00bbrgba(43,135,218,0)\u00bb background_color_gradient_start_position=\u00bb55%\u00bb background_color_gradient_end=\u00bb#ffffff\u00bb background_color_gradient_end_position=\u00bb0%\u00bb background_image=\u00bbhttps:\/\/firsttexasfunding.com\/wp-content\/uploads\/2023\/04\/writer-03.jpg\u00bb custom_padding=\u00bb110px||110px|\u00bb global_colors_info=\u00bb{}\u00bb][et_pb_row column_structure=\u00bb1_3,2_3&#8243; admin_label=\u00bb\u00c1rea de cotizaci\u00f3n\u00bb _builder_version=\u00bb4.16&#8243; global_colors_info=\u00bb{}\u00bb][et_pb_column type=\u00bb1_3&#8243; _builder_version=\u00bb4.16&#8243; custom_padding=\u00bb|||\u00bb global_colors_info=\u00bb{}\u00bb custom_padding__hover=\u00bb|||\u00bb][\/et_pb_column][et_pb_column type=\u00bb2_3&#8243; _builder_version=\u00bb4.16&#8243; custom_padding=\u00bb|||\u00bb global_colors_info=\u00bb{}\u00bb custom_padding__hover=\u00bb|||\u00bb][et_pb_text admin_label=\u00bbTitle\u00bb _builder_version=\u00bb4.16&#8243; text_font=\u00bbMontserrat||||||||\u00bb text_text_color=\u00bb#333333&#8243; text_font_size=\u00bb30px\u00bb text_line_height=\u00bb1.8em\u00bb link_font=\u00bb||||on|||#f46624|\u00bb link_text_color=\u00bb#333333&#8243; header_font=\u00bb||||||||\u00bb header_2_font=\u00bbMontserrat|600||on|||||\u00bb header_2_text_align=\u00bbcenter\u00bb header_2_font_size=\u00bb30px\u00bb background_color=\u00bb#ffffff\u00bb max_width=\u00bb800px\u00bb module_alignment=\u00bbcenter\u00bb custom_margin=\u00bb||40px|\u00bb custom_padding=\u00bb110px|0px|110px|80px\u00bb animation_style=\u00bbslide\u00bb animation_direction=\u00bbright\u00bb animation_intensity_slide=\u00bb20%\u00bb animation_starting_opacity=\u00bb100%\u00bb global_colors_info=\u00bb{}\u00bb]<\/p>\n<p><strong>\u00abLa financiaci\u00f3n de empresas emergentes es vital para ayudar a llevar su negocio al siguiente nivel estable\u00bb.<\/strong><\/p>\n<p>[\/et_pb_text][\/et_pb_column][\/et_pb_row][\/et_pb_section][et_pb_section fb_built=\u00bb1&#8243; _builder_version=\u00bb4.16&#8243; background_color=\u00bb#f7f7f7&#8243; global_colors_info=\u00bb{}\u00bb][et_pb_row _builder_version=\u00bb4.20.4&#8243; _module_preset=\u00bbdefault\u00bb global_colors_info=\u00bb{}\u00bb][et_pb_column type=\u00bb4_4&#8243; _builder_version=\u00bb4.20.4&#8243; _module_preset=\u00bbdefault\u00bb global_colors_info=\u00bb{}\u00bb][et_pb_text _builder_version=\u00bb4.20.4&#8243; _module_preset=\u00bbdefault\u00bb text_font_size=\u00bb16px\u00bb global_colors_info=\u00bb{}\u00bb]<\/p>\n<h2><b>\u00bfQu\u00e9 es la financiaci\u00f3n de empresas emergentes?<\/b><\/h2>\n<p><span style=\"font-weight: 400;\">La adquisici\u00f3n de fondos para fomentar la expansi\u00f3n y el progreso de un emprendimiento empresarial emergente es lo que constituye la financiaci\u00f3n inicial. Se pueden explorar varias v\u00edas de financiaci\u00f3n para este prop\u00f3sito, que abarcan m\u00e9todos como obtener el apoyo de inversores \u00e1ngeles, capitalistas de riesgo, utilizar plataformas de financiaci\u00f3n colectiva o recurrir a pr\u00e9stamos tradicionales de bancos y organismos financieros relacionados.<\/span><\/p>\n<p><span style=\"font-weight: 400;\">La financiaci\u00f3n de empresas emergentes tiene el prop\u00f3sito de dotar a una empresa incipiente de los medios para lograr sus objetivos, que pueden incluir la ampliaci\u00f3n de sus actividades, la generaci\u00f3n de nuevos servicios o productos, o la contrataci\u00f3n de m\u00e1s personal.<\/span><\/p>\n<p><span style=\"font-weight: 400;\">La financiaci\u00f3n de una startup puede fluctuar en gran medida en funci\u00f3n de m\u00faltiples factores, como su etapa de desarrollo, el potencial en el mercado y el entusiasmo de los inversores por asumir riesgos.<\/span><\/p>\n<p><span style=\"font-weight: 400;\">El capital y la deuda son las dos categor\u00edas principales de opciones de financiaci\u00f3n disponibles para las empresas emergentes.<\/span><\/p>\n<h2><b>Financiamiento de capital: \u00bfqu\u00e9 implica?<\/b><\/h2>\n<p><span style=\"font-weight: 400;\">El financiamiento de capital implica vender acciones de propiedad en un negocio a inversionistas como un medio para recaudar fondos. Estas acciones brindan a los accionistas varios derechos, incluidos dividendos, privilegios de voto y otros derechos.<\/span><\/p>\n<p><span style=\"font-weight: 400;\">Los accionistas tienen derecho a reclamar una parte de las ganancias de la empresa y tambi\u00e9n ejercen influencia en sus mecanismos de toma de decisiones.<\/span><\/p>\n<p><span style=\"font-weight: 400;\">Para las nuevas empresas, la financiaci\u00f3n de capital presenta una alternativa viable, ya que no requiere reembolso y no impone una tensi\u00f3n significativa en su flujo de caja. No obstante, los fundadores tendr\u00e1n que ceder el control de la empresa y ceder una parte de su participaci\u00f3n a otros.<\/span><\/p>\n<h2><b>Financiamiento de deuda: \u00bfqu\u00e9 implica?<\/b><\/h2>\n<p><span style=\"font-weight: 400;\">Recaudar fondos para una empresa tomando prestado de prestamistas como bancos, instituciones financieras o individuos se conoce como financiamiento de deuda. A diferencia de la financiaci\u00f3n de capital, en la que no es necesario el reembolso de los fondos prestados, la financiaci\u00f3n de la deuda implica el reembolso con intereses durante un per\u00edodo fijo.<\/span><\/p>\n<p><span style=\"font-weight: 400;\">Optar por la financiaci\u00f3n de la deuda puede resultar una opci\u00f3n ventajosa para una empresa que necesita urgentemente recaudar fondos en un santiam\u00e9n, especialmente porque no reduce la propiedad y el control como tiende a hacer la financiaci\u00f3n de capital. Dicho esto, no pagar la cantidad prestada puede da\u00f1ar significativamente la capacidad de la empresa para demostrar su solvencia.<\/span><\/p>\n<p><span style=\"font-weight: 400;\">Las empresas emergentes que buscan lograr un crecimiento r\u00e1pido o realizar grandes inversiones en sus negocios pueden encontrar la financiaci\u00f3n como una fuente de capital ventajosa. Sin embargo, la financiaci\u00f3n conlleva ciertos peligros, como la entrega de acciones en la empresa o la adquisici\u00f3n de deudas que pueden ser dif\u00edciles de liquidar si el negocio no funciona bien.<\/span><\/p>\n<p>[\/et_pb_text][\/et_pb_column][\/et_pb_row][\/et_pb_section][et_pb_section fb_built=\u00bb1&#8243; admin_label=\u00bbFooter Section\u00bb _builder_version=\u00bb4.21.0&#8243; background_image=\u00bbhttps:\/\/firsttexasfunding.com\/wp-content\/uploads\/2023\/04\/sitting_longhorn4.jpg\u00bb background_position=\u00bbtop_left\u00bb background_horizontal_offset=\u00bb100%\u00bb background_vertical_offset=\u00bb0%\u00bb custom_padding=\u00bb30px||30px||false|false\u00bb global_colors_info=\u00bb{}\u00bb global_module=\u00bb682&#8243; theme_builder_area=\u00bbpost_content\u00bb][et_pb_row admin_label=\u00bb\u00c1rea de pie de p\u00e1gina\u00bb _builder_version=\u00bb4.16&#8243; custom_margin=\u00bb|||\u00bb custom_padding=\u00bb|||\u00bb locked=\u00bboff\u00bb global_colors_info=\u00bb{}\u00bb theme_builder_area=\u00bbpost_content\u00bb][et_pb_column type=\u00bb4_4&#8243; _builder_version=\u00bb4.16&#8243; custom_padding=\u00bb|||\u00bb global_colors_info=\u00bb{}\u00bb custom_padding__hover=\u00bb|||\u00bb theme_builder_area=\u00bbpost_content\u00bb][et_pb_text admin_label=\u00bbTitle\u00bb _builder_version=\u00bb4.16&#8243; text_font=\u00bb||||||||\u00bb header_font=\u00bb||||||||\u00bb header_2_font=\u00bbMontserrat|600||on|||||\u00bb header_2_font_size=\u00bb30px\u00bb header_2_line_height=\u00bb1.5em\u00bb custom_margin=\u00bb||5px|\u00bb animation_style=\u00bbslide\u00bb animation_direction=\u00bbtop\u00bb animation_intensity_slide=\u00bb20%\u00bb animation_starting_opacity=\u00bb100%\u00bb global_colors_info=\u00bb{}\u00bb theme_builder_area=\u00bbpost_content\u00bb]<\/p>\n<h2>Comencemos una conversaci\u00f3n<\/h2>\n<p>[\/et_pb_text][et_pb_divider show_divider=\u00bboff\u00bb _builder_version=\u00bb4.16&#8243; max_width=\u00bb23px\u00bb animation_style=\u00bbslide\u00bb global_colors_info=\u00bb{}\u00bb theme_builder_area=\u00bbpost_content\u00bb][\/et_pb_divider][\/et_pb_column][\/et_pb_row][et_pb_row column_structure=\u00bb1_2,1_2&#8243; admin_label=\u00bb\u00c1rea de formulario de contacto\u00bb _builder_version=\u00bb4.16&#8243; global_colors_info=\u00bb{}\u00bb theme_builder_area=\u00bbpost_content\u00bb][et_pb_column type=\u00bb1_2&#8243; _builder_version=\u00bb4.16&#8243; custom_padding=\u00bb|||\u00bb global_colors_info=\u00bb{}\u00bb custom_padding__hover=\u00bb|||\u00bb theme_builder_area=\u00bbpost_content\u00bb][et_pb_contact_form captcha=\u00bboff\u00bb submit_button_text=\u00bbEnviar mensaje\u00bb module_id=\u00bbet_pb_contact_form_0&#8243; _builder_version=\u00bb4.20.4&#8243; form_field_background_color=\u00bb#ffffff\u00bb form_field_font=\u00bbMontserrat|300|||||||\u00bb form_field_font_size=\u00bb16px\u00bb custom_button=\u00bbon\u00bb button_text_size=\u00bb16px\u00bb button_text_color=\u00bb#ffffff\u00bb button_bg_color=\u00bb#2d8bce\u00bb button_border_width=\u00bb8px\u00bb button_border_color=\u00bb#2d8bce\u00bb button_letter_spacing=\u00bb2px\u00bb button_font=\u00bbMontserrat|600||on|||||\u00bb animation_style=\u00bbfade\u00bb border_width_all=\u00bb1px\u00bb border_color_all=\u00bbrgba(0,0,0,0.12)\u00bb form_background_color=\u00bb#ffffff\u00bb global_colors_info=\u00bb{}\u00bb theme_builder_area=\u00bbpost_content\u00bb][et_pb_contact_field field_id=\u00bbName\u00bb field_title=\u00bbNombre\u00bb fullwidth_field=\u00bbon\u00bb _builder_version=\u00bb4.16&#8243; global_colors_info=\u00bb{}\u00bb button_text_size__hover_enabled=\u00bboff\u00bb button_one_text_size__hover_enabled=\u00bboff\u00bb button_two_text_size__hover_enabled=\u00bboff\u00bb button_text_color__hover_enabled=\u00bboff\u00bb button_one_text_color__hover_enabled=\u00bboff\u00bb button_two_text_color__hover_enabled=\u00bboff\u00bb button_border_width__hover_enabled=\u00bboff\u00bb button_one_border_width__hover_enabled=\u00bboff\u00bb button_two_border_width__hover_enabled=\u00bboff\u00bb button_border_color__hover_enabled=\u00bboff\u00bb button_one_border_color__hover_enabled=\u00bboff\u00bb button_two_border_color__hover_enabled=\u00bboff\u00bb button_border_radius__hover_enabled=\u00bboff\u00bb button_one_border_radius__hover_enabled=\u00bboff\u00bb button_two_border_radius__hover_enabled=\u00bboff\u00bb button_letter_spacing__hover_enabled=\u00bboff\u00bb button_one_letter_spacing__hover_enabled=\u00bboff\u00bb button_two_letter_spacing__hover_enabled=\u00bboff\u00bb button_bg_color__hover_enabled=\u00bboff\u00bb button_one_bg_color__hover_enabled=\u00bboff\u00bb button_two_bg_color__hover_enabled=\u00bboff\u00bb theme_builder_area=\u00bbpost_content\u00bb][\/et_pb_contact_field][et_pb_contact_field field_id=\u00bbEmail\u00bb field_title=\u00bbDirecci\u00f3n de correo electr\u00f3nico\u00bb field_type=\u00bbemail\u00bb fullwidth_field=\u00bbon\u00bb _builder_version=\u00bb4.16&#8243; global_colors_info=\u00bb{}\u00bb button_text_size__hover_enabled=\u00bboff\u00bb button_one_text_size__hover_enabled=\u00bboff\u00bb button_two_text_size__hover_enabled=\u00bboff\u00bb button_text_color__hover_enabled=\u00bboff\u00bb button_one_text_color__hover_enabled=\u00bboff\u00bb button_two_text_color__hover_enabled=\u00bboff\u00bb button_border_width__hover_enabled=\u00bboff\u00bb button_one_border_width__hover_enabled=\u00bboff\u00bb button_two_border_width__hover_enabled=\u00bboff\u00bb button_border_color__hover_enabled=\u00bboff\u00bb button_one_border_color__hover_enabled=\u00bboff\u00bb button_two_border_color__hover_enabled=\u00bboff\u00bb button_border_radius__hover_enabled=\u00bboff\u00bb button_one_border_radius__hover_enabled=\u00bboff\u00bb button_two_border_radius__hover_enabled=\u00bboff\u00bb button_letter_spacing__hover_enabled=\u00bboff\u00bb button_one_letter_spacing__hover_enabled=\u00bboff\u00bb button_two_letter_spacing__hover_enabled=\u00bboff\u00bb button_bg_color__hover_enabled=\u00bboff\u00bb button_one_bg_color__hover_enabled=\u00bboff\u00bb button_two_bg_color__hover_enabled=\u00bboff\u00bb theme_builder_area=\u00bbpost_content\u00bb][\/et_pb_contact_field][et_pb_contact_field field_id=\u00bbSubject\u00bb field_title=\u00bbSujeto\u00bb field_type=\u00bbselect\u00bb select_options=\u00bb%91{%22value%22:%22Consulta%22,%22checked%22:0,%22dragID%22:0},{%22value%22:%22Escritura de blogs%22,%22checked%22:0,%22dragID%22:1},{%22value%22:%22Copia de escritura%22,%22checked%22:0,%22dragID%22:2}%93&#8243; fullwidth_field=\u00bbon\u00bb _builder_version=\u00bb4.16&#8243; global_colors_info=\u00bb{}\u00bb button_text_size__hover_enabled=\u00bboff\u00bb button_one_text_size__hover_enabled=\u00bboff\u00bb button_two_text_size__hover_enabled=\u00bboff\u00bb button_text_color__hover_enabled=\u00bboff\u00bb button_one_text_color__hover_enabled=\u00bboff\u00bb button_two_text_color__hover_enabled=\u00bboff\u00bb button_border_width__hover_enabled=\u00bboff\u00bb button_one_border_width__hover_enabled=\u00bboff\u00bb button_two_border_width__hover_enabled=\u00bboff\u00bb button_border_color__hover_enabled=\u00bboff\u00bb button_one_border_color__hover_enabled=\u00bboff\u00bb button_two_border_color__hover_enabled=\u00bboff\u00bb button_border_radius__hover_enabled=\u00bboff\u00bb button_one_border_radius__hover_enabled=\u00bboff\u00bb button_two_border_radius__hover_enabled=\u00bboff\u00bb button_letter_spacing__hover_enabled=\u00bboff\u00bb button_one_letter_spacing__hover_enabled=\u00bboff\u00bb button_two_letter_spacing__hover_enabled=\u00bboff\u00bb button_bg_color__hover_enabled=\u00bboff\u00bb button_one_bg_color__hover_enabled=\u00bboff\u00bb button_two_bg_color__hover_enabled=\u00bboff\u00bb theme_builder_area=\u00bbpost_content\u00bb][\/et_pb_contact_field][et_pb_contact_field field_id=\u00bbMessage\u00bb field_title=\u00bbMensaje\u00bb field_type=\u00bbtext\u00bb fullwidth_field=\u00bbon\u00bb _builder_version=\u00bb4.16&#8243; global_colors_info=\u00bb{}\u00bb button_text_size__hover_enabled=\u00bboff\u00bb button_one_text_size__hover_enabled=\u00bboff\u00bb button_two_text_size__hover_enabled=\u00bboff\u00bb button_text_color__hover_enabled=\u00bboff\u00bb button_one_text_color__hover_enabled=\u00bboff\u00bb button_two_text_color__hover_enabled=\u00bboff\u00bb button_border_width__hover_enabled=\u00bboff\u00bb button_one_border_width__hover_enabled=\u00bboff\u00bb button_two_border_width__hover_enabled=\u00bboff\u00bb button_border_color__hover_enabled=\u00bboff\u00bb button_one_border_color__hover_enabled=\u00bboff\u00bb button_two_border_color__hover_enabled=\u00bboff\u00bb button_border_radius__hover_enabled=\u00bboff\u00bb button_one_border_radius__hover_enabled=\u00bboff\u00bb button_two_border_radius__hover_enabled=\u00bboff\u00bb button_letter_spacing__hover_enabled=\u00bboff\u00bb button_one_letter_spacing__hover_enabled=\u00bboff\u00bb button_two_letter_spacing__hover_enabled=\u00bboff\u00bb button_bg_color__hover_enabled=\u00bboff\u00bb button_one_bg_color__hover_enabled=\u00bboff\u00bb button_two_bg_color__hover_enabled=\u00bboff\u00bb theme_builder_area=\u00bbpost_content\u00bb][\/et_pb_contact_field][\/et_pb_contact_form][\/et_pb_column][et_pb_column type=\u00bb1_2&#8243; _builder_version=\u00bb4.16&#8243; custom_padding=\u00bb|||\u00bb global_colors_info=\u00bb{}\u00bb custom_padding__hover=\u00bb|||\u00bb theme_builder_area=\u00bbpost_content\u00bb][\/et_pb_column][\/et_pb_row][\/et_pb_section]<\/p>\n","protected":false},"excerpt":{"rendered":"<p>&nbsp; Financiamiento de inicio de negociosVentajas de financiaci\u00f3n T\u00e9rminos flexibles basados en el uso de los fondos Puede ayudar a asegurar la supervivencia de su negocio Puede ser capital, cuentas por cobrar o financiamiento basado en plazos. \u00abLa financiaci\u00f3n de empresas emergentes es vital para ayudar a llevar su negocio al siguiente nivel estable\u00bb.\u00bfQu\u00e9 es [&hellip;]<\/p>\n","protected":false},"author":2,"featured_media":0,"parent":0,"menu_order":0,"comment_status":"closed","ping_status":"closed","template":"","meta":{"_et_pb_use_builder":"on","_et_pb_old_content":"","_et_gb_content_width":"","footnotes":""},"class_list":["post-489","page","type-page","status-publish","hentry"],"_links":{"self":[{"href":"https:\/\/firsttexasfunding.com\/es\/wp-json\/wp\/v2\/pages\/489","targetHints":{"allow":["GET"]}}],"collection":[{"href":"https:\/\/firsttexasfunding.com\/es\/wp-json\/wp\/v2\/pages"}],"about":[{"href":"https:\/\/firsttexasfunding.com\/es\/wp-json\/wp\/v2\/types\/page"}],"author":[{"embeddable":true,"href":"https:\/\/firsttexasfunding.com\/es\/wp-json\/wp\/v2\/users\/2"}],"replies":[{"embeddable":true,"href":"https:\/\/firsttexasfunding.com\/es\/wp-json\/wp\/v2\/comments?post=489"}],"version-history":[{"count":9,"href":"https:\/\/firsttexasfunding.com\/es\/wp-json\/wp\/v2\/pages\/489\/revisions"}],"predecessor-version":[{"id":741,"href":"https:\/\/firsttexasfunding.com\/es\/wp-json\/wp\/v2\/pages\/489\/revisions\/741"}],"wp:attachment":[{"href":"https:\/\/firsttexasfunding.com\/es\/wp-json\/wp\/v2\/media?parent=489"}],"curies":[{"name":"wp","href":"https:\/\/api.w.org\/{rel}","templated":true}]}}